{"id":1440,"date":"2024-05-11T18:17:48","date_gmt":"2024-05-11T16:17:48","guid":{"rendered":"https:\/\/apartamentoscoronadomalaga.com\/?page_id=1440"},"modified":"2024-05-11T18:18:53","modified_gmt":"2024-05-11T16:18:53","slug":"coronado-terminos-y-condiciones","status":"publish","type":"page","link":"https:\/\/apartamentoscoronadomalaga.com\/?page_id=1440","title":{"rendered":"Coronado &#8211; T\u00e9rminos y Condiciones"},"content":{"rendered":"\t\t<div data-elementor-type=\"wp-page\" data-elementor-id=\"1440\" class=\"elementor elementor-1440\">\n\t\t\t\t\t\t<section class=\"elementor-section elementor-top-section elementor-element elementor-element-417dd54f elementor-section-height-min-height elementor-section-items-stretch animated-slow elementor-section-boxed elementor-section-height-default elementor-invisible\" data-id=\"417dd54f\" data-element_type=\"section\" data-settings=\"{&quot;background_background&quot;:&quot;classic&quot;,&quot;animation&quot;:&quot;fadeIn&quot;,&quot;animation_delay&quot;:300}\">\n\t\t\t\t\t\t<div class=\"elementor-container elementor-column-gap-default\">\n\t\t\t\t\t<div class=\"elementor-column elementor-col-100 elementor-top-column elementor-element elementor-element-3f057dc7\" data-id=\"3f057dc7\" data-element_type=\"column\">\n\t\t\t<div class=\"elementor-widget-wrap elementor-element-populated\">\n\t\t\t\t\t\t<div class=\"elementor-element elementor-element-6b2543b7 elementor-widget elementor-widget-heading\" data-id=\"6b2543b7\" data-element_type=\"widget\" data-widget_type=\"heading.default\">\n\t\t\t\t<div class=\"elementor-widget-container\">\n\t\t\t<style>\/*! elementor - v3.19.0 - 29-01-2024 *\/\n.elementor-heading-title{padding:0;margin:0;line-height:1}.elementor-widget-heading .elementor-heading-title[class*=elementor-size-]>a{color:inherit;font-size:inherit;line-height:inherit}.elementor-widget-heading .elementor-heading-title.elementor-size-small{font-size:15px}.elementor-widget-heading .elementor-heading-title.elementor-size-medium{font-size:19px}.elementor-widget-heading .elementor-heading-title.elementor-size-large{font-size:29px}.elementor-widget-heading .elementor-heading-title.elementor-size-xl{font-size:39px}.elementor-widget-heading .elementor-heading-title.elementor-size-xxl{font-size:59px}<\/style><h2 class=\"elementor-heading-title elementor-size-default\">Pol\u00edtica de cookies\n<\/h2>\t\t<\/div>\n\t\t\t\t<\/div>\n\t\t\t\t<div class=\"elementor-element elementor-element-26db9f73 elementor-widget elementor-widget-text-editor\" data-id=\"26db9f73\" data-element_type=\"widget\" data-widget_type=\"text-editor.default\">\n\t\t\t\t<div class=\"elementor-widget-container\">\n\t\t\t<style>\/*! elementor - v3.19.0 - 29-01-2024 *\/\n.elementor-widget-text-editor.elementor-drop-cap-view-stacked .elementor-drop-cap{background-color:#69727d;color:#fff}.elementor-widget-text-editor.elementor-drop-cap-view-framed .elementor-drop-cap{color:#69727d;border:3px solid;background-color:transparent}.elementor-widget-text-editor:not(.elementor-drop-cap-view-default) .elementor-drop-cap{margin-top:8px}.elementor-widget-text-editor:not(.elementor-drop-cap-view-default) .elementor-drop-cap-letter{width:1em;height:1em}.elementor-widget-text-editor .elementor-drop-cap{float:left;text-align:center;line-height:1;font-size:50px}.elementor-widget-text-editor .elementor-drop-cap-letter{display:inline-block}<\/style>\t\t\t\t<p><strong>\u00bfQu\u00e9 son las Cookies?<\/strong><\/p><p>Las cookies son peque\u00f1os archivos que los sitios web env\u00edan al navegador y que se guardan en el terminal del usuario ( ordenador, tel\u00e9fono m\u00f3vil, tablet o cualquier otro dispositivo). Las cookies se almacenan autom\u00e1ticamente en el terminial y permiten a una p\u00e1gina web guardar y recuperar informaci\u00f3n sobre los h\u00e1bitos de navegaci\u00f3n de un usuario o de su equipo y, dependiendo de la informaci\u00f3n obtenida, se pueden utilizar para reconocer al usuario y personalizar los servicios ofrecidos .<\/p><p>Las cookies son peque\u00f1os archivos que se utilizan para almacenar determinada informaci\u00f3n que haya suministrado mientras navegaba en nuestro sitio web.<\/p><p>\u00a0<\/p><p><strong>\u00bfPara qu\u00e9 se utilizan las Cookies en este sitio web?<\/strong><\/p><p>En este sitio web se utilizan cookies de terceras empresas proveedoras de servicios con el fin de que el usuario pueda navegar con mayor facilidad por el sitio web. As\u00ed se utilizan para medir el uso y el rendimiento de la p\u00e1gina, para optimizarla y personalizarla. A pesar de ello, el usuario en cualquier momento puede desactivarlas de su navegador.<\/p><p>Las cookies de terceros son aquellas creadas y gestionas por otras entidades como prestadores de servicios publicitarios, de personalizaci\u00f3n o an\u00e1lisis, estos terceros y que nos pueden reportar datos an\u00f3nimos a trav\u00e9s de las cookies.<\/p><p>Concretamente, utilizamos las siguientes cookies:<\/p><p><u>Facebook ADS<\/u>: La funci\u00f3n de Facebook ADS, conjuntamente con el p\u00edxel de Facebook, permite llegar a las personas que han visitado anteriormente la web o las redes sociales y asociar una audiencia determinada a un mensaje concreto. El remarketing es un m\u00e9todo para conseguir que los usuarios que han visitado la web o las redes sociales vuelvan a hacerlo y nos ayuda a ofrecer anuncios basados en visitas anteriores al sitio web.<\/p><p>Como usuario de la web, se est\u00e1 recopilando informaci\u00f3n no identificativa para esta funci\u00f3n de Facebook ADS.<\/p><p><u>Google Analytics<\/u>:\u00a0Es un servicio anal\u00edtico de web prestado por Google, Inc que permite analizar el uso que hacen los usuarios del sitio web. Al navegar por la web, se recogen una serie de datos, que pueden incluir, direcciones IP, ubicaciones geogr\u00e1ficas aproximadas, p\u00e1ginas visitadas y otros datos que permiten identificar al usuario. Entre estos datos tambi\u00e9n est\u00e1n las relacionadas con los \u00e1mbitos de navegaci\u00f3n.<\/p><p>Se utiliza esta informaci\u00f3n para analizar tendencias, administrar el sitio web, rastrear la usabilidad y sacar estad\u00edsticas de tr\u00e1fico web.<\/p><p><u>Chat SnapEngage<\/u>: Es un servicio de chat interactivo para apoyar a los usuarios que est\u00e1n en la web. Recoge informaci\u00f3n para mantener el contacto con el usuario durante el proceso de navegaci\u00f3n (ubicaci\u00f3n geogr\u00e1fica, idioma, n\u00famero de visitas, \u2026) Estos datos son utilizados \u00fanicamente por el call centro para dar mejor atenci\u00f3n al cliente<\/p><p>\u00a0<\/p><p>Para m\u00e1s informaci\u00f3n sobre las cookies de terceros utilizadas, aconsejamos revisar las propias pol\u00edticas de cookies de dichas compa\u00f1\u00edas.<\/p><p>\u00a0<\/p><p><strong>\u00bfC\u00f3mo se obtiene el consentimiento para el uso de cookies en este sitio web?<\/strong><\/p><p>El consentimiento para la instalaci\u00f3n autom\u00e1tica de las cookies se entender\u00e1 prestado siempre que usted marque la casilla relativa a la aceptaci\u00f3n de la \u201cPol\u00edtica de cookies\u201d que aparece en una ventana emergente en nuestro sitio web o bien si usted contin\u00faa navegando por el sitio web a pesar de no haber aceptado la misma.<\/p><p>\u00a0<\/p><p><strong>\u00bfC\u00f3mo puedo evitar el uso de Cookies en este sitio web?<\/strong><\/p><p>Si usted prefiere evitar el uso de Cookies cuando visite este sitio web debe deshabilitar o bloquear el uso de las mismas desde la configuraci\u00f3n de las opciones de su navegador. Y posteriormente eliminar las cookies asociadas a este sitio web que se hayan guardado en su navegador.<\/p><p>\u00a0<\/p><p>Ajustar los permisos relacionados de los siguientes navegadores:<\/p><p>Configuraci\u00f3n de cookies en\u00a0<a href=\"http:\/\/support.mozilla.org\/es\/kb\/habilitar-y-deshabilitar-cookies-que-los-sitios-we\">Firefox<\/a><\/p><p>Configuraci\u00f3n de cookies en\u00a0<a href=\"http:\/\/support.google.com\/chrome\/bin\/answer.py?hl=es&amp;answer=95647\">Google\u00a0Chrome<\/a><\/p><p>Configuraci\u00f3n de cookies en\u00a0<a href=\"https:\/\/privacy.microsoft.com\/es-es\/windows-10-microsoft-edge-and-privacy\">Internet Explorer<\/a><\/p><p>Configuraci\u00f3n de cookies en\u00a0<a href=\"http:\/\/support.apple.com\/kb\/ph5042\">Safari<\/a><\/p><p>Configuraci\u00f3n de cookies en\u00a0<a href=\"https:\/\/help.opera.com\/en\/latest\/web-preferences\/#cookies\">Opera<\/a><\/p><p>\u00a0<\/p><p>En caso de bloquear el uso de cookies en su navegador es posible que algunos servicios o funcionalidades de la p\u00e1gina Web no est\u00e9n disponibles.<\/p>\t\t\t\t\t\t<\/div>\n\t\t\t\t<\/div>\n\t\t\t\t\t<\/div>\n\t\t<\/div>\n\t\t\t\t\t<\/div>\n\t\t<\/section>\n\t\t\t\t<\/div>\n\t\t","protected":false},"excerpt":{"rendered":"<p>Pol\u00edtica de cookies \u00bfQu\u00e9 son las Cookies? Las cookies son peque\u00f1os archivos que los sitios web env\u00edan al navegador y [&hellip;]<\/p>\n","protected":false},"author":1,"featured_media":0,"parent":0,"menu_order":0,"comment_status":"closed","ping_status":"closed","template":"elementor_canvas","meta":{"site-sidebar-layout":"default","site-content-layout":"","ast-site-content-layout":"","site-content-style":"default","site-sidebar-style":"default","ast-global-header-display":"","ast-banner-title-visibility":"","ast-main-header-display":"","ast-hfb-above-header-display":"","ast-hfb-below-header-display":"","ast-hfb-mobile-header-display":"","site-post-title":"","ast-breadcrumbs-content":"","ast-featured-img":"","footer-sml-layout":"","theme-transparent-header-meta":"","adv-header-id-meta":"","stick-header-meta":"","header-above-stick-meta":"","header-main-stick-meta":"","header-below-stick-meta":"","astra-migrate-meta-layouts":"default","ast-page-background-enabled":"default","ast-page-background-meta":{"desktop":{"background-color":"var(--ast-global-color-4)","background-image":"","background-repeat":"repeat","background-position":"center center","background-size":"auto","background-attachment":"scroll","background-type":"","background-media":"","overlay-type":"","overlay-color":"","overlay-opacity":"","overlay-gradient":""},"tablet":{"background-color":"","background-image":"","background-repeat":"repeat","background-position":"center center","background-size":"auto","background-attachment":"scroll","background-type":"","background-media":"","overlay-type":"","overlay-color":"","overlay-opacity":"","overlay-gradient":""},"mobile":{"background-color":"","background-image":"","background-repeat":"repeat","background-position":"center center","background-size":"auto","background-attachment":"scroll","background-type":"","background-media":"","overlay-type":"","overlay-color":"","overlay-opacity":"","overlay-gradient":""}},"ast-content-background-meta":{"desktop":{"background-color":"var(--ast-global-color-5)","background-image":"","background-repeat":"repeat","background-position":"center center","background-size":"auto","background-attachment":"scroll","background-type":"","background-media":"","overlay-type":"","overlay-color":"","overlay-opacity":"","overlay-gradient":""},"tablet":{"background-color":"var(--ast-global-color-5)","background-image":"","background-repeat":"repeat","background-position":"center center","background-size":"auto","background-attachment":"scroll","background-type":"","background-media":"","overlay-type":"","overlay-color":"","overlay-opacity":"","overlay-gradient":""},"mobile":{"background-color":"var(--ast-global-color-5)","background-image":"","background-repeat":"repeat","background-position":"center center","background-size":"auto","background-attachment":"scroll","background-type":"","background-media":"","overlay-type":"","overlay-color":"","overlay-opacity":"","overlay-gradient":""}},"footnotes":""},"class_list":["post-1440","page","type-page","status-publish","hentry"],"_links":{"self":[{"href":"https:\/\/apartamentoscoronadomalaga.com\/index.php?rest_route=\/wp\/v2\/pages\/1440","targetHints":{"allow":["GET"]}}],"collection":[{"href":"https:\/\/apartamentoscoronadomalaga.com\/index.php?rest_route=\/wp\/v2\/pages"}],"about":[{"href":"https:\/\/apartamentoscoronadomalaga.com\/index.php?rest_route=\/wp\/v2\/types\/page"}],"author":[{"embeddable":true,"href":"https:\/\/apartamentoscoronadomalaga.com\/index.php?rest_route=\/wp\/v2\/users\/1"}],"replies":[{"embeddable":true,"href":"https:\/\/apartamentoscoronadomalaga.com\/index.php?rest_route=%2Fwp%2Fv2%2Fcomments&post=1440"}],"version-history":[{"count":7,"href":"https:\/\/apartamentoscoronadomalaga.com\/index.php?rest_route=\/wp\/v2\/pages\/1440\/revisions"}],"predecessor-version":[{"id":1447,"href":"https:\/\/apartamentoscoronadomalaga.com\/index.php?rest_route=\/wp\/v2\/pages\/1440\/revisions\/1447"}],"wp:attachment":[{"href":"https:\/\/apartamentoscoronadomalaga.com\/index.php?rest_route=%2Fwp%2Fv2%2Fmedia&parent=1440"}],"curies":[{"name":"wp","href":"https:\/\/api.w.org\/{rel}","templated":true}]}}